{"id":8310,"date":"2023-01-04T12:40:58","date_gmt":"2023-01-04T12:40:58","guid":{"rendered":"https:\/\/build.ledcity.ee\/?page_id=8310"},"modified":"2023-01-28T13:32:17","modified_gmt":"2023-01-28T13:32:17","slug":"shipping-policy","status":"publish","type":"page","link":"https:\/\/ledcity.ee\/en\/shipping-policy\/","title":{"rendered":"Shipping policy"},"content":{"rendered":"<section class=\"l-section wpb_row height_custom\"><div class=\"l-section-h i-cf\"><div class=\"g-cols vc_row via_flex valign_top type_default stacking_default\"><div class=\"vc_col-sm-12 wpb_column vc_column_container\"><div class=\"vc_column-inner\"><div class=\"wpb_wrapper\"><div class=\"wpb_text_column\"><div class=\"wpb_wrapper\"><h2>SmartPOST pakiautomaat<\/h2>\n<p>Pakk toimetatakse SmartPOST pakiautomaati tavaliselt 2-3 t\u00f6\u00f6p\u00e4eva jooksul (v.a. riiklikud p\u00fchad) alates komplekteerimisest. Kui pakk j\u00f5uab valitud pakiautomaati, saadetakse sinu mobiilile vastava sisuga SMS.<\/p>\n<h2>Omniva pakiautomaat<\/h2>\n<p>Pakk toimetatakse Omniva pakiautomaati tavaliselt 2-3 t\u00f6\u00f6p\u00e4eva jooksul (v.a. riiklikud p\u00fchad) alates komplekteerimisest. Kui pakk j\u00f5uab valitud pakiautomaati, saadetakse sinu mobiilile vastava sisuga SMS.<\/p>\n<h2>DPD pakiautomaat<\/h2>\n<p>Pakk toimetatakse DPD pakiautomaati tavaliselt 2-3 t\u00f6\u00f6p\u00e4eva jooksul (v.a. riiklikud p\u00fchad) alates komplekteerimisest. Kui pakk j\u00f5uab valitud pakiautomaati, saadetakse sinu mobiilile vastava sisuga SMS.<\/p>\n<h2>Omniva kuller<\/h2>\n<p>Kuller toimetab kauba tavaliselt 2-3 t\u00f6\u00f6p\u00e4eva jooksul alates kauba komplekteerimisest. Saabuva kauba \u00fcleandmiseks helistatab kuller ette.<\/p>\n<h2>Tulen ise kauplusesse j\u00e4rele \u2013 TASUTA<\/h2>\n<p>Tellitud kaubale ise j\u00e4rele tulemine on mugav ja lihtne. Kui tellitud kaupa hetkel soovitud kaupluses ei ole, siis toimetatakse tellimus kauplusesse tavaliselt n\u00e4dala jooksul \u2013 t\u00e4psem aeg s\u00f5ltub valitud kauplusest. Kauba v\u00e4ljastamine toimub vastavalt kaupluse lahtiolekuaegadele. Kui pakk on valitud kauplusesse saabunud, saadetakse sulle teade e-kirja teel.<\/p>\n<\/div><\/div><\/div><\/div><\/div><\/div><\/div><\/section>\n","protected":false},"excerpt":{"rendered":"SmartPOST pakiautomaat Pakk toimetatakse SmartPOST pakiautomaati tavaliselt 2-3 t\u00f6\u00f6p\u00e4eva jooksul (v.a. riiklikud p\u00fchad) alates komplekteerimisest. Kui pakk j\u00f5uab valitud pakiautomaati, saadetakse sinu mobiilile vastava sisuga SMS. Omniva pakiautomaat Pakk toimetatakse Omniva pakiautomaati tavaliselt 2-3 t\u00f6\u00f6p\u00e4eva jooksul (v.a. riiklikud p\u00fchad) alates komplekteerimisest. Kui pakk j\u00f5uab valitud pakiautomaati, saadetakse sinu mobiilile vastava sisuga SMS. DPD pakiautomaat Pakk...","protected":false},"author":3,"featured_media":0,"parent":0,"menu_order":0,"comment_status":"closed","ping_status":"closed","template":"","meta":{"_acf_changed":false,"footnotes":""},"class_list":["post-8310","page","type-page","status-publish","hentry"],"acf":[],"yoast_head":"<!-- This site is optimized with the Yoast SEO plugin v24.0 - https:\/\/yoast.com\/wordpress\/plugins\/seo\/ -->\n<title>Shipping policy - LedCity<\/title>\n<meta name=\"robots\" content=\"index, follow, max-snippet:-1, max-image-preview:large, max-video-preview:-1\" \/>\n<link rel=\"canonical\" href=\"https:\/\/ledcity.ee\/en\/shipping-policy\/\" \/>\n<meta property=\"og:locale\" content=\"en_US\" \/>\n<meta property=\"og:type\" content=\"article\" \/>\n<meta property=\"og:title\" content=\"Shipping policy - LedCity\" \/>\n<meta property=\"og:url\" content=\"https:\/\/ledcity.ee\/en\/shipping-policy\/\" \/>\n<meta property=\"og:site_name\" content=\"LedCity\" \/>\n<meta property=\"article:modified_time\" content=\"2023-01-28T13:32:17+00:00\" \/>\n<meta name=\"twitter:card\" content=\"summary_large_image\" \/>\n<meta name=\"twitter:label1\" content=\"Est. reading time\" \/>\n\t<meta name=\"twitter:data1\" content=\"1 minute\" \/>\n<script type=\"application\/ld+json\" class=\"yoast-schema-graph\">{\"@context\":\"https:\/\/schema.org\",\"@graph\":[{\"@type\":\"WebPage\",\"@id\":\"https:\/\/ledcity.ee\/en\/shipping-policy\/\",\"url\":\"https:\/\/ledcity.ee\/en\/shipping-policy\/\",\"name\":\"Shipping policy - LedCity\",\"isPartOf\":{\"@id\":\"https:\/\/ledcity.ee\/#website\"},\"datePublished\":\"2023-01-04T12:40:58+00:00\",\"dateModified\":\"2023-01-28T13:32:17+00:00\",\"breadcrumb\":{\"@id\":\"https:\/\/ledcity.ee\/en\/shipping-policy\/#breadcrumb\"},\"inLanguage\":\"en-US\",\"potentialAction\":[{\"@type\":\"ReadAction\",\"target\":[\"https:\/\/ledcity.ee\/en\/shipping-policy\/\"]}]},{\"@type\":\"BreadcrumbList\",\"@id\":\"https:\/\/ledcity.ee\/en\/shipping-policy\/#breadcrumb\",\"itemListElement\":[{\"@type\":\"ListItem\",\"position\":1,\"name\":\"Home\",\"item\":\"https:\/\/ledcity.ee\/en\/\"},{\"@type\":\"ListItem\",\"position\":2,\"name\":\"Shipping policy\"}]},{\"@type\":\"WebSite\",\"@id\":\"https:\/\/ledcity.ee\/#website\",\"url\":\"https:\/\/ledcity.ee\/\",\"name\":\"LedCity\",\"description\":\"\",\"publisher\":{\"@id\":\"https:\/\/ledcity.ee\/#organization\"},\"potentialAction\":[{\"@type\":\"SearchAction\",\"target\":{\"@type\":\"EntryPoint\",\"urlTemplate\":\"https:\/\/ledcity.ee\/?s={search_term_string}\"},\"query-input\":{\"@type\":\"PropertyValueSpecification\",\"valueRequired\":true,\"valueName\":\"search_term_string\"}}],\"inLanguage\":\"en-US\"},{\"@type\":\"Organization\",\"@id\":\"https:\/\/ledcity.ee\/#organization\",\"name\":\"LuxElekter O\u00dc\",\"url\":\"https:\/\/ledcity.ee\/\",\"logo\":{\"@type\":\"ImageObject\",\"inLanguage\":\"en-US\",\"@id\":\"https:\/\/ledcity.ee\/#\/schema\/logo\/image\/\",\"url\":\"https:\/\/ledcity.ee\/wp-content\/uploads\/2022\/12\/favicon.png\",\"contentUrl\":\"https:\/\/ledcity.ee\/wp-content\/uploads\/2022\/12\/favicon.png\",\"width\":646,\"height\":646,\"caption\":\"LuxElekter O\u00dc\"},\"image\":{\"@id\":\"https:\/\/ledcity.ee\/#\/schema\/logo\/image\/\"}}]}<\/script>\n<!-- \/ Yoast SEO plugin. -->","yoast_head_json":{"title":"Shipping policy - LedCity","robots":{"index":"index","follow":"follow","max-snippet":"max-snippet:-1","max-image-preview":"max-image-preview:large","max-video-preview":"max-video-preview:-1"},"canonical":"https:\/\/ledcity.ee\/en\/shipping-policy\/","og_locale":"en_US","og_type":"article","og_title":"Shipping policy - LedCity","og_url":"https:\/\/ledcity.ee\/en\/shipping-policy\/","og_site_name":"LedCity","article_modified_time":"2023-01-28T13:32:17+00:00","twitter_card":"summary_large_image","twitter_misc":{"Est. reading time":"1 minute"},"schema":{"@context":"https:\/\/schema.org","@graph":[{"@type":"WebPage","@id":"https:\/\/ledcity.ee\/en\/shipping-policy\/","url":"https:\/\/ledcity.ee\/en\/shipping-policy\/","name":"Shipping policy - LedCity","isPartOf":{"@id":"https:\/\/ledcity.ee\/#website"},"datePublished":"2023-01-04T12:40:58+00:00","dateModified":"2023-01-28T13:32:17+00:00","breadcrumb":{"@id":"https:\/\/ledcity.ee\/en\/shipping-policy\/#breadcrumb"},"inLanguage":"en-US","potentialAction":[{"@type":"ReadAction","target":["https:\/\/ledcity.ee\/en\/shipping-policy\/"]}]},{"@type":"BreadcrumbList","@id":"https:\/\/ledcity.ee\/en\/shipping-policy\/#breadcrumb","itemListElement":[{"@type":"ListItem","position":1,"name":"Home","item":"https:\/\/ledcity.ee\/en\/"},{"@type":"ListItem","position":2,"name":"Shipping policy"}]},{"@type":"WebSite","@id":"https:\/\/ledcity.ee\/#website","url":"https:\/\/ledcity.ee\/","name":"LedCity","description":"","publisher":{"@id":"https:\/\/ledcity.ee\/#organization"},"potentialAction":[{"@type":"SearchAction","target":{"@type":"EntryPoint","urlTemplate":"https:\/\/ledcity.ee\/?s={search_term_string}"},"query-input":{"@type":"PropertyValueSpecification","valueRequired":true,"valueName":"search_term_string"}}],"inLanguage":"en-US"},{"@type":"Organization","@id":"https:\/\/ledcity.ee\/#organization","name":"LuxElekter O\u00dc","url":"https:\/\/ledcity.ee\/","logo":{"@type":"ImageObject","inLanguage":"en-US","@id":"https:\/\/ledcity.ee\/#\/schema\/logo\/image\/","url":"https:\/\/ledcity.ee\/wp-content\/uploads\/2022\/12\/favicon.png","contentUrl":"https:\/\/ledcity.ee\/wp-content\/uploads\/2022\/12\/favicon.png","width":646,"height":646,"caption":"LuxElekter O\u00dc"},"image":{"@id":"https:\/\/ledcity.ee\/#\/schema\/logo\/image\/"}}]}},"_links":{"self":[{"href":"https:\/\/ledcity.ee\/en\/wp-json\/wp\/v2\/pages\/8310","targetHints":{"allow":["GET"]}}],"collection":[{"href":"https:\/\/ledcity.ee\/en\/wp-json\/wp\/v2\/pages"}],"about":[{"href":"https:\/\/ledcity.ee\/en\/wp-json\/wp\/v2\/types\/page"}],"author":[{"embeddable":true,"href":"https:\/\/ledcity.ee\/en\/wp-json\/wp\/v2\/users\/3"}],"replies":[{"embeddable":true,"href":"https:\/\/ledcity.ee\/en\/wp-json\/wp\/v2\/comments?post=8310"}],"version-history":[{"count":2,"href":"https:\/\/ledcity.ee\/en\/wp-json\/wp\/v2\/pages\/8310\/revisions"}],"predecessor-version":[{"id":8315,"href":"https:\/\/ledcity.ee\/en\/wp-json\/wp\/v2\/pages\/8310\/revisions\/8315"}],"wp:attachment":[{"href":"https:\/\/ledcity.ee\/en\/wp-json\/wp\/v2\/media?parent=8310"}],"curies":[{"name":"wp","href":"https:\/\/api.w.org\/{rel}","templated":true}]}}