{"id":44149,"date":"2024-09-09T10:06:09","date_gmt":"2024-09-09T10:06:09","guid":{"rendered":"https:\/\/ledcity.ee\/kontakt\/"},"modified":"2024-11-27T15:30:16","modified_gmt":"2024-11-27T15:30:16","slug":"contact","status":"publish","type":"page","link":"https:\/\/ledcity.ee\/en\/contact\/","title":{"rendered":"Contact"},"content":{"rendered":"<section class=\"l-section wpb_row height_custom\"><div class=\"l-section-h i-cf\"><div class=\"g-cols vc_row via_flex valign_top type_default stacking_default\"><div class=\"vc_col-sm-6 wpb_column vc_column_container\"><div class=\"vc_column-inner\"><div class=\"wpb_wrapper\"><div class=\"wpb_text_column\"><div class=\"wpb_wrapper\"><h2>LuxElekter O\u00dc<\/h2>\n<p><strong>Address:<\/strong> Laki 26, 12915 Tallinn<br \/>\n<strong>Phone:<\/strong> <a href=\"tel:+37253030757\">+372 55565308<\/a><br \/>\n<strong>Email:<\/strong> <a href=\"mailto:info@ledcity.ee\">info@ledcity.ee<\/a><br \/>\n<strong>Reg. nr:<\/strong> 16392344<br \/>\n<strong>VAT nr:<\/strong> EE102450341<\/p>\n<p><iframe loading=\"lazy\" style=\"border: 0;\" src=\"https:\/\/www.google.com\/maps\/embed?pb=!1m14!1m8!1m3!1d16242.018990567725!2d24.675816!3d59.41218500000001!3m2!1i1024!2i768!4f13.1!3m3!1m2!1s0x4692958543364b0b%3A0x57fe6c539e24f8ff!2sLedcity%20-%20LuxElekter%20O%C3%9C!5e0!3m2!1set!2see!4v1725876414673!5m2!1set!2see\" width=\"600\" height=\"315\" allowfullscreen=\"allowfullscreen\"><\/iframe><\/p>\n<div id=\"gtx-trans\" style=\"position: absolute; left: 73px; top: 121.812px;\">\n<div class=\"gtx-trans-icon\"><\/div>\n<\/div>\n<\/div><\/div><\/div><\/div><\/div><div class=\"vc_col-sm-6 wpb_column vc_column_container form-block\"><div class=\"vc_column-inner\"><div class=\"wpb_wrapper\"><div class=\"wpb_text_column\"><div class=\"wpb_wrapper\"><h2 style=\"margin-bottom: 15.5px;\">V\u00f5tke meiega \u00fchendust<\/h2>\n<\/div><\/div><form class=\"w-form  layout_ver for_cform us_form_1\" autocomplete=\"off\" action=\"https:\/\/ledcity.ee\/en\/wp-json\/wp\/v2\/pages\/44149\" method=\"post\"><div class=\"w-form-h\"><div class=\"w-form-row for_text required with_icon\">\r\n\t\t<div class=\"w-form-row-field\">\r\n\t\t\t\t<i class=\"fal fa-user-alt\"><\/i>\t\t<input aria-label=\"Name\" type=\"text\" name=\"us_form_1_text_1\" value placeholder=\"Name *\" data-required=\"true\" aria-required=\"true\"\/>\r\n\t\t\t<\/div>\r\n\t\t<div class=\"w-form-row-state\">Fill out this field<\/div>\r\n<\/div>\r\n<div class=\"w-form-row for_email required with_icon\">\r\n\t\t<div class=\"w-form-row-field\">\r\n\t\t\t\t<i class=\"fal fa-envelope\"><\/i>\t\t<input aria-label=\"Email\" type=\"email\" name=\"us_form_1_email_1\" value placeholder=\"Email *\" data-required=\"true\" aria-required=\"true\"\/>\r\n\t\t\t<\/div>\r\n\t\t<div class=\"w-form-row-state\">Please enter a valid email address.<\/div>\r\n<\/div>\r\n<div class=\"w-form-row for_text with_icon\">\r\n\t\t<div class=\"w-form-row-field\">\r\n\t\t\t\t<i class=\"fal fa-phone-volume\"><\/i>\t\t<input aria-label=\"Phone\" type=\"text\" name=\"us_form_1_text_2\" value placeholder=\"Phone\"\/>\r\n\t\t\t<\/div>\r\n\t\t<div class=\"w-form-row-state\">Fill out this field<\/div>\r\n<\/div>\r\n<div class=\"w-form-row for_textarea required with_icon\">\r\n\t\t<div class=\"w-form-row-field\">\r\n\t\t\t\t<i class=\"fal fa-comment-edit\"><\/i>\t\t<textarea aria-label=\"What&#039;s Your Question?\" name=\"us_form_1_textarea_1\" placeholder=\"What&#039;s Your Question? *\" data-required=\"true\" aria-required=\"true\"><\/textarea>\r\n\t\t\t<\/div>\r\n\t\t<div class=\"w-form-row-state\">Fill out this field<\/div>\r\n<\/div>\r\n<input type=\"hidden\" name=\"action\" value=\"us_ajax_cform\" \/>\r\n<input type=\"hidden\" name=\"post_id\" value=\"0\" \/>\r\n<input type=\"hidden\" name=\"form_index\" value=\"1\" \/>\r\n<div class=\"w-form-row for_submit  align_none\">\r\n\t<button class=\"w-btn  us-btn-style_1\" aria-label=\"Saada\" type=\"submit\">\r\n\t\t<span class=\"g-preloader type_1\"><\/span>\r\n\t\t\t\t<span class=\"w-btn-label\">Saada<\/span>\r\n\t\t\t<\/button>\r\n\t<\/div>\r\n<\/div><div class=\"w-form-message\"><\/div><div class=\"w-form-json hidden\" onclick='return {&quot;ajaxurl&quot;:&quot;https:\\\/\\\/ledcity.ee\\\/wp-admin\\\/admin-ajax.php&quot;,&quot;messages&quot;:{&quot;err_empty&quot;:&quot;Fill out this field&quot;,&quot;err_size&quot;:&quot;File size cannot exceed %s MB&quot;,&quot;err_extension&quot;:&quot;%s file type is not allowed&quot;}}'><\/div><\/form><\/div><\/div><\/div><\/div><\/div><\/section>\n","protected":false},"excerpt":{"rendered":"LuxElekter O\u00dc Address: Laki 26, 12915 Tallinn Phone: +372 55565308 Email: info@ledcity.ee Reg. nr: 16392344 VAT nr: EE102450341 V\u00f5tke meiega \u00fchendust Fill out this field Please enter a valid email address. Fill out this field Fill out this field Saada","protected":false},"author":3,"featured_media":0,"parent":0,"menu_order":0,"comment_status":"closed","ping_status":"closed","template":"","meta":{"_acf_changed":false,"footnotes":""},"class_list":["post-44149","page","type-page","status-publish","hentry"],"acf":[],"yoast_head":"<!-- This site is optimized with the Yoast SEO plugin v24.0 - https:\/\/yoast.com\/wordpress\/plugins\/seo\/ -->\n<title>Contact - LedCity<\/title>\n<meta name=\"robots\" content=\"index, follow, max-snippet:-1, max-image-preview:large, max-video-preview:-1\" \/>\n<link rel=\"canonical\" href=\"https:\/\/ledcity.ee\/en\/contact\/\" \/>\n<meta property=\"og:locale\" content=\"en_US\" \/>\n<meta property=\"og:type\" content=\"article\" \/>\n<meta property=\"og:title\" content=\"Contact - LedCity\" \/>\n<meta property=\"og:url\" content=\"https:\/\/ledcity.ee\/en\/contact\/\" \/>\n<meta property=\"og:site_name\" content=\"LedCity\" \/>\n<meta property=\"article:modified_time\" content=\"2024-11-27T15:30:16+00:00\" \/>\n<meta name=\"twitter:card\" content=\"summary_large_image\" \/>\n<meta name=\"twitter:label1\" content=\"Est. reading time\" \/>\n\t<meta name=\"twitter:data1\" content=\"2 minutes\" \/>\n<script type=\"application\/ld+json\" class=\"yoast-schema-graph\">{\"@context\":\"https:\/\/schema.org\",\"@graph\":[{\"@type\":\"WebPage\",\"@id\":\"https:\/\/ledcity.ee\/en\/contact\/\",\"url\":\"https:\/\/ledcity.ee\/en\/contact\/\",\"name\":\"Contact - LedCity\",\"isPartOf\":{\"@id\":\"https:\/\/ledcity.ee\/#website\"},\"datePublished\":\"2024-09-09T10:06:09+00:00\",\"dateModified\":\"2024-11-27T15:30:16+00:00\",\"breadcrumb\":{\"@id\":\"https:\/\/ledcity.ee\/en\/contact\/#breadcrumb\"},\"inLanguage\":\"en-US\",\"potentialAction\":[{\"@type\":\"ReadAction\",\"target\":[\"https:\/\/ledcity.ee\/en\/contact\/\"]}]},{\"@type\":\"BreadcrumbList\",\"@id\":\"https:\/\/ledcity.ee\/en\/contact\/#breadcrumb\",\"itemListElement\":[{\"@type\":\"ListItem\",\"position\":1,\"name\":\"Home\",\"item\":\"https:\/\/ledcity.ee\/en\/\"},{\"@type\":\"ListItem\",\"position\":2,\"name\":\"Contact\"}]},{\"@type\":\"WebSite\",\"@id\":\"https:\/\/ledcity.ee\/#website\",\"url\":\"https:\/\/ledcity.ee\/\",\"name\":\"LedCity\",\"description\":\"\",\"publisher\":{\"@id\":\"https:\/\/ledcity.ee\/#organization\"},\"potentialAction\":[{\"@type\":\"SearchAction\",\"target\":{\"@type\":\"EntryPoint\",\"urlTemplate\":\"https:\/\/ledcity.ee\/?s={search_term_string}\"},\"query-input\":{\"@type\":\"PropertyValueSpecification\",\"valueRequired\":true,\"valueName\":\"search_term_string\"}}],\"inLanguage\":\"en-US\"},{\"@type\":\"Organization\",\"@id\":\"https:\/\/ledcity.ee\/#organization\",\"name\":\"LuxElekter O\u00dc\",\"url\":\"https:\/\/ledcity.ee\/\",\"logo\":{\"@type\":\"ImageObject\",\"inLanguage\":\"en-US\",\"@id\":\"https:\/\/ledcity.ee\/#\/schema\/logo\/image\/\",\"url\":\"https:\/\/ledcity.ee\/wp-content\/uploads\/2022\/12\/favicon.png\",\"contentUrl\":\"https:\/\/ledcity.ee\/wp-content\/uploads\/2022\/12\/favicon.png\",\"width\":646,\"height\":646,\"caption\":\"LuxElekter O\u00dc\"},\"image\":{\"@id\":\"https:\/\/ledcity.ee\/#\/schema\/logo\/image\/\"}}]}<\/script>\n<!-- \/ Yoast SEO plugin. -->","yoast_head_json":{"title":"Contact - LedCity","robots":{"index":"index","follow":"follow","max-snippet":"max-snippet:-1","max-image-preview":"max-image-preview:large","max-video-preview":"max-video-preview:-1"},"canonical":"https:\/\/ledcity.ee\/en\/contact\/","og_locale":"en_US","og_type":"article","og_title":"Contact - LedCity","og_url":"https:\/\/ledcity.ee\/en\/contact\/","og_site_name":"LedCity","article_modified_time":"2024-11-27T15:30:16+00:00","twitter_card":"summary_large_image","twitter_misc":{"Est. reading time":"2 minutes"},"schema":{"@context":"https:\/\/schema.org","@graph":[{"@type":"WebPage","@id":"https:\/\/ledcity.ee\/en\/contact\/","url":"https:\/\/ledcity.ee\/en\/contact\/","name":"Contact - LedCity","isPartOf":{"@id":"https:\/\/ledcity.ee\/#website"},"datePublished":"2024-09-09T10:06:09+00:00","dateModified":"2024-11-27T15:30:16+00:00","breadcrumb":{"@id":"https:\/\/ledcity.ee\/en\/contact\/#breadcrumb"},"inLanguage":"en-US","potentialAction":[{"@type":"ReadAction","target":["https:\/\/ledcity.ee\/en\/contact\/"]}]},{"@type":"BreadcrumbList","@id":"https:\/\/ledcity.ee\/en\/contact\/#breadcrumb","itemListElement":[{"@type":"ListItem","position":1,"name":"Home","item":"https:\/\/ledcity.ee\/en\/"},{"@type":"ListItem","position":2,"name":"Contact"}]},{"@type":"WebSite","@id":"https:\/\/ledcity.ee\/#website","url":"https:\/\/ledcity.ee\/","name":"LedCity","description":"","publisher":{"@id":"https:\/\/ledcity.ee\/#organization"},"potentialAction":[{"@type":"SearchAction","target":{"@type":"EntryPoint","urlTemplate":"https:\/\/ledcity.ee\/?s={search_term_string}"},"query-input":{"@type":"PropertyValueSpecification","valueRequired":true,"valueName":"search_term_string"}}],"inLanguage":"en-US"},{"@type":"Organization","@id":"https:\/\/ledcity.ee\/#organization","name":"LuxElekter O\u00dc","url":"https:\/\/ledcity.ee\/","logo":{"@type":"ImageObject","inLanguage":"en-US","@id":"https:\/\/ledcity.ee\/#\/schema\/logo\/image\/","url":"https:\/\/ledcity.ee\/wp-content\/uploads\/2022\/12\/favicon.png","contentUrl":"https:\/\/ledcity.ee\/wp-content\/uploads\/2022\/12\/favicon.png","width":646,"height":646,"caption":"LuxElekter O\u00dc"},"image":{"@id":"https:\/\/ledcity.ee\/#\/schema\/logo\/image\/"}}]}},"_links":{"self":[{"href":"https:\/\/ledcity.ee\/en\/wp-json\/wp\/v2\/pages\/44149","targetHints":{"allow":["GET"]}}],"collection":[{"href":"https:\/\/ledcity.ee\/en\/wp-json\/wp\/v2\/pages"}],"about":[{"href":"https:\/\/ledcity.ee\/en\/wp-json\/wp\/v2\/types\/page"}],"author":[{"embeddable":true,"href":"https:\/\/ledcity.ee\/en\/wp-json\/wp\/v2\/users\/3"}],"replies":[{"embeddable":true,"href":"https:\/\/ledcity.ee\/en\/wp-json\/wp\/v2\/comments?post=44149"}],"version-history":[{"count":4,"href":"https:\/\/ledcity.ee\/en\/wp-json\/wp\/v2\/pages\/44149\/revisions"}],"predecessor-version":[{"id":54646,"href":"https:\/\/ledcity.ee\/en\/wp-json\/wp\/v2\/pages\/44149\/revisions\/54646"}],"wp:attachment":[{"href":"https:\/\/ledcity.ee\/en\/wp-json\/wp\/v2\/media?parent=44149"}],"curies":[{"name":"wp","href":"https:\/\/api.w.org\/{rel}","templated":true}]}}